{"id":37,"date":"2022-01-07T19:05:09","date_gmt":"2022-01-07T18:05:09","guid":{"rendered":"http:\/\/coulierformation.fr\/?page_id=37"},"modified":"2023-05-29T13:27:44","modified_gmt":"2023-05-29T11:27:44","slug":"prestations","status":"publish","type":"page","link":"https:\/\/coulierformation.fr\/index.php\/prestations\/","title":{"rendered":"Prestations"},"content":{"rendered":"\n<div class=\"wp-block-columns are-vertically-aligned-top is-layout-flex wp-container-17\">\n<div class=\"wp-block-column is-layout-flow\">\n<div class=\"wp-block-group is-layout-flow\"><div class=\"wp-block-group__inner-container\"><div class=\"wp-block-image is-style-default\">\n<figure class=\"aligncenter size-large\"><img decoding=\"async\" src=\"https:\/\/i0.wp.com\/coulierformation.fr\/wp-content\/themes\/twentyseventeen\/assets\/images\/stripes.jpg?w=525\" alt=\"Black Stripes\" data-recalc-dims=\"1\"\/><\/figure><\/div>\n\n\n<h2 class=\"wp-block-heading has-text-align-left has-black-color has-text-color\" style=\"font-size:30px\">Communication authentique et bienveillante<\/h2>\n<\/div><\/div>\n\n\n\n<p>Selon la philosophie de la CNV de Marshall Rosenberg.<\/p>\n\n\n\n<p><strong>Formations&nbsp;:<\/strong><\/p>\n\n\n\n<p><\/p>\n\n\n\n<p>&#8211; Organisation de formations pour des \u00e9quipes<\/p>\n\n\n\n<p>&nbsp;&#8211; Modules interentreprises<\/p>\n\n\n\n<p><strong>Groupes de pratique : <\/strong><\/p>\n\n\n\n<p>pour favoriser l\u2019int\u00e9gration de la CNV dans sa vie (pro &amp; perso), pratique en groupe sur des situations concr\u00e8tes. Rencontres mensuelles.<\/p>\n\n\n\n<p>Les groupes sont destin\u00e9s aux personnes ayant suivi les modules de bases.<\/p>\n\n\n\n<p><strong>Paris<\/strong>&nbsp;: Un soir en semaine \u00e0 c\u00f4t\u00e9 de R\u00e9publique<\/p>\n\n\n\n<p><strong>Champigny sur Marne<\/strong>&nbsp;: le samedi matin.<\/p>\n\n\n\n<p><strong>Groupe en visio<\/strong>\u00a0: en cr\u00e9ation.<br><br>N\u2019h\u00e9sitez pas \u00e0 me contacter pour plus de renseignements via le formulaire de contact. <\/p>\n\n\n\n<div class=\"wp-block-group is-layout-flow\"><div class=\"wp-block-group__inner-container\">\n<div class=\"wp-block-buttons is-layout-flex\"><\/div>\n<\/div><\/div>\n<\/div>\n\n\n\n<div class=\"wp-block-column is-layout-flow\">\n<div class=\"wp-block-group is-layout-flow\"><div class=\"wp-block-group__inner-container\"><div class=\"wp-block-image is-style-default\">\n<figure class=\"aligncenter size-large\"><img decoding=\"async\" src=\"https:\/\/i0.wp.com\/coulierformation.fr\/wp-content\/themes\/twentyseventeen\/assets\/images\/white-border.jpg?w=525\" alt=\"White border\" data-recalc-dims=\"1\"\/><\/figure><\/div>\n\n\n<h2 class=\"wp-block-heading has-text-align-left has-black-color has-text-color\" style=\"font-size:30px\">Assertivit\u00e9<\/h2>\n\n\n\n<p>Comment se faire respecter tout en respectant les autres&nbsp;?&nbsp;<\/p>\n\n\n\n<p>Oser faire des demandes, formuler des critiques entendables, fixer ses limites (dire \u00ab&nbsp;non&nbsp;\u00bb) tout en maintenant le lien.<\/p>\n\n\n\n<p>Savoir formuler des appr\u00e9ciations et donner du feed-back.<\/p>\n\n\n\n<p>Prendre la parole dans diff\u00e9rents contextes&nbsp;avec clart\u00e9, au service de la connexion et de la mobilisation.<\/p>\n<\/div><\/div>\n\n\n\n<div class=\"wp-block-buttons is-layout-flex\">\n<div class=\"wp-block-button\"><a class=\"wp-block-button__link wp-element-button\">En savoir plus<\/a><\/div>\n<\/div>\n<\/div>\n\n\n\n<div class=\"wp-block-column is-layout-flow\">\n<div class=\"wp-block-group is-layout-flow\"><div class=\"wp-block-group__inner-container\"><div class=\"wp-block-image is-style-default\">\n<figure class=\"aligncenter size-large\"><img decoding=\"async\" src=\"https:\/\/i0.wp.com\/coulierformation.fr\/wp-content\/themes\/twentyseventeen\/assets\/images\/white-border.jpg?w=525\" alt=\"White border\" data-recalc-dims=\"1\"\/><\/figure><\/div>\n\n\n<h2 class=\"wp-block-heading has-text-align-left has-black-color has-text-color\" style=\"font-size:30px\">Process Communication<\/h2>\n\n\n\n<p>La Process Communication de Talbi Kahler, permet de mieux se connaitre, d\u2019identifier ses besoins psychologiques et de savoir y r\u00e9pondre, de mieux atteindre ses objectifs et de mieux g\u00e9rer son stress.<\/p>\n\n\n\n<p>La Process Communication favorise \u00e9galement la compr\u00e9hension du comportement des autres et l\u2019ajustement de sa communication, au service de la coop\u00e9ration.<\/p>\n\n\n\n<p>Les \u00e9quipes gagnent en efficacit\u00e9 et motivation.<\/p>\n\n\n\n<p>Inventaires de personnalit\u00e9 et formations.<\/p>\n\n\n\n<p>\u00a0<\/p>\n\n\n\n<figure class=\"wp-block-embed is-type-video is-provider-youtube wp-block-embed-youtube wp-embed-aspect-16-9 wp-has-aspect-ratio\"><div class=\"wp-block-embed__wrapper\">\n<iframe loading=\"lazy\" title=\"Le Mod\u00e8le Process Communication - PCM (FRENCH Edition)\" width=\"525\" height=\"295\" src=\"https:\/\/www.youtube.com\/embed\/CrazcX6hSAA?feature=oembed\" frameborder=\"0\" allow=\"accelerometer; autoplay; clipboard-write; encrypted-media; gyroscope; picture-in-picture; web-share\" allowfullscreen><\/iframe>\n<\/div><\/figure>\n<\/div><\/div>\n\n\n\n<div class=\"wp-block-buttons is-layout-flex\">\n<div class=\"wp-block-button\"><a class=\"wp-block-button__link wp-element-button\">En savoir plus<\/a><\/div>\n<\/div>\n<\/div>\n\n\n\n<div class=\"wp-block-column is-layout-flow\">\n<div class=\"wp-block-group is-layout-flow\"><div class=\"wp-block-group__inner-container\"><div class=\"wp-block-image is-style-default\">\n<figure class=\"aligncenter size-large\"><img decoding=\"async\" src=\"https:\/\/i0.wp.com\/coulierformation.fr\/wp-content\/themes\/twentyseventeen\/assets\/images\/direct-light.jpg?w=525\" alt=\"Direct Light\" data-recalc-dims=\"1\"\/><\/figure><\/div>\n\n\n<h2 class=\"wp-block-heading has-text-align-left has-black-color has-text-color\" style=\"font-size:30px\">Formation de formateurs<\/h2>\n\n\n\n<p>Parce qu\u2019il ne suffit pas d\u2019\u00eatre expert pour \u00eatre formateur\u2026<\/p>\n\n\n\n<p><strong>Formations de Formateurs occasionnels<\/strong>&nbsp;en entreprise (Ing\u00e9nierie de formation &amp; p\u00e9dagogique, Animation, Evaluation)<\/p>\n\n\n\n<p><strong>Formation de formateurs Consultants professionnels<\/strong>.<\/p>\n\n\n\n<p><strong>Trainings de formateurs<\/strong>&nbsp;:<\/p>\n\n\n\n<p>Entrainement \u00e0 l\u2019animation de s\u00e9quences, \u00e9valu\u00e9es par le groupe de pairs et le formateur.&nbsp;<\/p>\n\n\n\n<p>Lien entre ing\u00e9nierie et animation. Entrainement aux feed-back.<\/p>\n\n\n\n<p><\/p>\n<\/div><\/div>\n\n\n\n<div class=\"wp-block-buttons is-layout-flex\">\n<div class=\"wp-block-button\"><a class=\"wp-block-button__link wp-element-button\">En savoir plus<\/a><\/div>\n<\/div>\n<\/div>\n\n\n\n<div class=\"wp-block-column is-layout-flow\">\n<div class=\"wp-block-group is-layout-flow\"><div class=\"wp-block-group__inner-container\"><div class=\"wp-block-image is-style-default\">\n<figure class=\"aligncenter size-large\"><img decoding=\"async\" src=\"https:\/\/i0.wp.com\/coulierformation.fr\/wp-content\/themes\/twentyseventeen\/assets\/images\/direct-light.jpg?w=525\" alt=\"Direct Light\" data-recalc-dims=\"1\"\/><\/figure><\/div>\n\n\n<h2 class=\"wp-block-heading has-text-align-left has-black-color has-text-color\" style=\"font-size:30px\">Coaching<\/h2>\n\n\n\n<p>Tous les th\u00e8mes sont d\u00e9velopp\u00e9s en accompagnement selon les besoins individuels.<\/p>\n\n\n\n<p><strong>Assertivit\u00e9<\/strong>&nbsp;: D\u00e9velopper la confiance en soi, le leadership.<\/p>\n\n\n\n<p><strong>Process Communication<\/strong>&nbsp;: mieux se connaitre pour mieux exploiter ses ressources, g\u00e9rer son stress.<\/p>\n\n\n\n<p><strong>Communication authentique et bienveillante<\/strong> selon la philosophie de la<strong>&nbsp;CNV&nbsp;<\/strong>de Marshal Rosenberg<strong>&nbsp;<\/strong>: G\u00e9rer ses \u00e9motions, prendre en compte les besoins de chacun.<\/p>\n<\/div><\/div>\n\n\n\n<div class=\"wp-block-buttons is-layout-flex\">\n<div class=\"wp-block-button\"><a class=\"wp-block-button__link wp-element-button\">En savoir plus<\/a><\/div>\n<\/div>\n<\/div>\n<\/div>\n\n\n<ul>\n<li style=\"list-style-type: none;\">&nbsp;<\/li>\n<\/ul>\n<p>Retrouvez la liste des clients qui me font confiance <a href=\"http:\/\/coulierformation.fr\/index.php\/ils-me-font-confiance\/\">ici&nbsp;<\/a><\/p>","protected":false},"excerpt":{"rendered":"<p>Communication authentique et bienveillante Selon la philosophie de la CNV de Marshall Rosenberg. Formations&nbsp;: &#8211; Organisation de formations pour des \u00e9quipes &nbsp;&#8211; Modules interentreprises Groupes de pratique : pour favoriser l\u2019int\u00e9gration de la CNV dans sa vie (pro &amp; perso), pratique en groupe sur des situations concr\u00e8tes. Rencontres mensuelles. Les groupes sont destin\u00e9s aux personnes &hellip; <\/p>\n<p class=\"link-more\"><a href=\"https:\/\/coulierformation.fr\/index.php\/prestations\/\" class=\"more-link\">Continue reading<span class=\"screen-reader-text\"> &#8220;Prestations&#8221;<\/span><\/a><\/p>\n","protected":false},"author":1,"featured_media":0,"parent":0,"menu_order":0,"comment_status":"closed","ping_status":"closed","template":"","meta":[],"yoast_head":"<!-- This site is optimized with the Yoast SEO plugin v20.8 - https:\/\/yoast.com\/wordpress\/plugins\/seo\/ -->\n<title>Prestations - Agn\u00e8s Coulier<\/title>\n<meta name=\"robots\" content=\"index, follow, max-snippet:-1, max-image-preview:large, max-video-preview:-1\" \/>\n<link rel=\"canonical\" href=\"https:\/\/coulierformation.fr\/index.php\/prestations\/\" \/>\n<meta property=\"og:locale\" content=\"en_US\" \/>\n<meta property=\"og:type\" content=\"article\" \/>\n<meta property=\"og:title\" content=\"Prestations - Agn\u00e8s Coulier\" \/>\n<meta property=\"og:description\" content=\"Communication authentique et bienveillante Selon la philosophie de la CNV de Marshall Rosenberg. Formations&nbsp;: &#8211; Organisation de formations pour des \u00e9quipes &nbsp;&#8211; Modules interentreprises Groupes de pratique : pour favoriser l\u2019int\u00e9gration de la CNV dans sa vie (pro &amp; perso), pratique en groupe sur des situations concr\u00e8tes. Rencontres mensuelles. Les groupes sont destin\u00e9s aux personnes &hellip; Continue reading &quot;Prestations&quot;\" \/>\n<meta property=\"og:url\" content=\"https:\/\/coulierformation.fr\/index.php\/prestations\/\" \/>\n<meta property=\"og:site_name\" content=\"Agn\u00e8s Coulier\" \/>\n<meta property=\"article:modified_time\" content=\"2023-05-29T11:27:44+00:00\" \/>\n<meta property=\"og:image\" content=\"http:\/\/coulierformation.fr\/wp-content\/themes\/twentyseventeen\/assets\/images\/stripes.jpg\" \/>\n<meta name=\"twitter:card\" content=\"summary_large_image\" \/>\n<meta name=\"twitter:label1\" content=\"Est. reading time\" \/>\n\t<meta name=\"twitter:data1\" content=\"3 minutes\" \/>\n<script type=\"application\/ld+json\" class=\"yoast-schema-graph\">{\"@context\":\"https:\/\/schema.org\",\"@graph\":[{\"@type\":\"WebPage\",\"@id\":\"https:\/\/coulierformation.fr\/index.php\/prestations\/\",\"url\":\"https:\/\/coulierformation.fr\/index.php\/prestations\/\",\"name\":\"Prestations - Agn\u00e8s Coulier\",\"isPartOf\":{\"@id\":\"https:\/\/coulierformation.fr\/#website\"},\"datePublished\":\"2022-01-07T18:05:09+00:00\",\"dateModified\":\"2023-05-29T11:27:44+00:00\",\"breadcrumb\":{\"@id\":\"https:\/\/coulierformation.fr\/index.php\/prestations\/#breadcrumb\"},\"inLanguage\":\"en-US\",\"potentialAction\":[{\"@type\":\"ReadAction\",\"target\":[\"https:\/\/coulierformation.fr\/index.php\/prestations\/\"]}]},{\"@type\":\"BreadcrumbList\",\"@id\":\"https:\/\/coulierformation.fr\/index.php\/prestations\/#breadcrumb\",\"itemListElement\":[{\"@type\":\"ListItem\",\"position\":1,\"name\":\"Home\",\"item\":\"https:\/\/coulierformation.fr\/\"},{\"@type\":\"ListItem\",\"position\":2,\"name\":\"Prestations\"}]},{\"@type\":\"WebSite\",\"@id\":\"https:\/\/coulierformation.fr\/#website\",\"url\":\"https:\/\/coulierformation.fr\/\",\"name\":\"Agn\u00e8s Coulier\",\"description\":\"Consultante - Formatrice - Coach\",\"potentialAction\":[{\"@type\":\"SearchAction\",\"target\":{\"@type\":\"EntryPoint\",\"urlTemplate\":\"https:\/\/coulierformation.fr\/?s={search_term_string}\"},\"query-input\":\"required name=search_term_string\"}],\"inLanguage\":\"en-US\"}]}<\/script>\n<!-- \/ Yoast SEO plugin. -->","yoast_head_json":{"title":"Prestations - Agn\u00e8s Coulier","robots":{"index":"index","follow":"follow","max-snippet":"max-snippet:-1","max-image-preview":"max-image-preview:large","max-video-preview":"max-video-preview:-1"},"canonical":"https:\/\/coulierformation.fr\/index.php\/prestations\/","og_locale":"en_US","og_type":"article","og_title":"Prestations - Agn\u00e8s Coulier","og_description":"Communication authentique et bienveillante Selon la philosophie de la CNV de Marshall Rosenberg. Formations&nbsp;: &#8211; Organisation de formations pour des \u00e9quipes &nbsp;&#8211; Modules interentreprises Groupes de pratique : pour favoriser l\u2019int\u00e9gration de la CNV dans sa vie (pro &amp; perso), pratique en groupe sur des situations concr\u00e8tes. Rencontres mensuelles. Les groupes sont destin\u00e9s aux personnes &hellip; Continue reading \"Prestations\"","og_url":"https:\/\/coulierformation.fr\/index.php\/prestations\/","og_site_name":"Agn\u00e8s Coulier","article_modified_time":"2023-05-29T11:27:44+00:00","og_image":[{"url":"http:\/\/coulierformation.fr\/wp-content\/themes\/twentyseventeen\/assets\/images\/stripes.jpg"}],"twitter_card":"summary_large_image","twitter_misc":{"Est. reading time":"3 minutes"},"schema":{"@context":"https:\/\/schema.org","@graph":[{"@type":"WebPage","@id":"https:\/\/coulierformation.fr\/index.php\/prestations\/","url":"https:\/\/coulierformation.fr\/index.php\/prestations\/","name":"Prestations - Agn\u00e8s Coulier","isPartOf":{"@id":"https:\/\/coulierformation.fr\/#website"},"datePublished":"2022-01-07T18:05:09+00:00","dateModified":"2023-05-29T11:27:44+00:00","breadcrumb":{"@id":"https:\/\/coulierformation.fr\/index.php\/prestations\/#breadcrumb"},"inLanguage":"en-US","potentialAction":[{"@type":"ReadAction","target":["https:\/\/coulierformation.fr\/index.php\/prestations\/"]}]},{"@type":"BreadcrumbList","@id":"https:\/\/coulierformation.fr\/index.php\/prestations\/#breadcrumb","itemListElement":[{"@type":"ListItem","position":1,"name":"Home","item":"https:\/\/coulierformation.fr\/"},{"@type":"ListItem","position":2,"name":"Prestations"}]},{"@type":"WebSite","@id":"https:\/\/coulierformation.fr\/#website","url":"https:\/\/coulierformation.fr\/","name":"Agn\u00e8s Coulier","description":"Consultante - Formatrice - Coach","potentialAction":[{"@type":"SearchAction","target":{"@type":"EntryPoint","urlTemplate":"https:\/\/coulierformation.fr\/?s={search_term_string}"},"query-input":"required name=search_term_string"}],"inLanguage":"en-US"}]}},"jetpack_sharing_enabled":true,"_links":{"self":[{"href":"https:\/\/coulierformation.fr\/index.php\/wp-json\/wp\/v2\/pages\/37"}],"collection":[{"href":"https:\/\/coulierformation.fr\/index.php\/wp-json\/wp\/v2\/pages"}],"about":[{"href":"https:\/\/coulierformation.fr\/index.php\/wp-json\/wp\/v2\/types\/page"}],"author":[{"embeddable":true,"href":"https:\/\/coulierformation.fr\/index.php\/wp-json\/wp\/v2\/users\/1"}],"replies":[{"embeddable":true,"href":"https:\/\/coulierformation.fr\/index.php\/wp-json\/wp\/v2\/comments?post=37"}],"version-history":[{"count":14,"href":"https:\/\/coulierformation.fr\/index.php\/wp-json\/wp\/v2\/pages\/37\/revisions"}],"predecessor-version":[{"id":135,"href":"https:\/\/coulierformation.fr\/index.php\/wp-json\/wp\/v2\/pages\/37\/revisions\/135"}],"wp:attachment":[{"href":"https:\/\/coulierformation.fr\/index.php\/wp-json\/wp\/v2\/media?parent=37"}],"curies":[{"name":"wp","href":"https:\/\/api.w.org\/{rel}","templated":true}]}}