{"id":7,"date":"2022-01-07T18:51:38","date_gmt":"2022-01-07T17:51:38","guid":{"rendered":"http:\/\/coulierformation.fr\/?page_id=7"},"modified":"2023-06-03T20:42:04","modified_gmt":"2023-06-03T18:42:04","slug":"home","status":"publish","type":"page","link":"https:\/\/coulierformation.fr\/","title":{"rendered":"Accueil"},"content":{"rendered":"<p>Bonjour et bienvenue sur mon site,<\/p>\n<p>Vous y trouverez la pr\u00e9sentation de mon parcours, les diff\u00e9rentes prestations que je propose ainsi que les clients qui me font d\u00e9j\u00e0 confiance.<\/p>\n<p>N\u2019h\u00e9sitez pas \u00e0 me contacter via le formulaire contact pour toute demande de renseignements compl\u00e9mentaires.<\/p>\n<p>A tr\u00e8s vite,<br \/>\nAgn\u00e8s Coulier<\/p>\n","protected":false},"excerpt":{"rendered":"<p>Bonjour et bienvenue sur mon site, Vous y trouverez la pr\u00e9sentation de mon parcours, les diff\u00e9rentes prestations que je propose ainsi que les clients qui me font d\u00e9j\u00e0 confiance. N\u2019h\u00e9sitez pas \u00e0 me contacter via le formulaire contact pour toute demande de renseignements compl\u00e9mentaires. A tr\u00e8s vite, Agn\u00e8s Coulier<\/p>\n","protected":false},"author":1,"featured_media":0,"parent":0,"menu_order":0,"comment_status":"closed","ping_status":"closed","template":"","meta":[],"yoast_head":"<!-- This site is optimized with the Yoast SEO plugin v20.8 - https:\/\/yoast.com\/wordpress\/plugins\/seo\/ -->\n<title>Accueil - Agn\u00e8s Coulier<\/title>\n<meta name=\"robots\" content=\"index, follow, max-snippet:-1, max-image-preview:large, max-video-preview:-1\" \/>\n<link rel=\"canonical\" href=\"https:\/\/coulierformation.fr\/\" \/>\n<meta property=\"og:locale\" content=\"en_US\" \/>\n<meta property=\"og:type\" content=\"article\" \/>\n<meta property=\"og:title\" content=\"Accueil - Agn\u00e8s Coulier\" \/>\n<meta property=\"og:description\" content=\"Bonjour et bienvenue sur mon site, Vous y trouverez la pr\u00e9sentation de mon parcours, les diff\u00e9rentes prestations que je propose ainsi que les clients qui me font d\u00e9j\u00e0 confiance. N\u2019h\u00e9sitez pas \u00e0 me contacter via le formulaire contact pour toute demande de renseignements compl\u00e9mentaires. A tr\u00e8s vite, Agn\u00e8s Coulier\" \/>\n<meta property=\"og:url\" content=\"https:\/\/coulierformation.fr\/\" \/>\n<meta property=\"og:site_name\" content=\"Agn\u00e8s Coulier\" \/>\n<meta property=\"article:modified_time\" content=\"2023-06-03T18:42:04+00:00\" \/>\n<meta name=\"twitter:card\" content=\"summary_large_image\" \/>\n<meta name=\"twitter:label1\" content=\"Est. reading time\" \/>\n\t<meta name=\"twitter:data1\" content=\"1 minute\" \/>\n<script type=\"application\/ld+json\" class=\"yoast-schema-graph\">{\"@context\":\"https:\/\/schema.org\",\"@graph\":[{\"@type\":\"WebPage\",\"@id\":\"https:\/\/coulierformation.fr\/\",\"url\":\"https:\/\/coulierformation.fr\/\",\"name\":\"Accueil - Agn\u00e8s Coulier\",\"isPartOf\":{\"@id\":\"https:\/\/coulierformation.fr\/#website\"},\"datePublished\":\"2022-01-07T17:51:38+00:00\",\"dateModified\":\"2023-06-03T18:42:04+00:00\",\"breadcrumb\":{\"@id\":\"https:\/\/coulierformation.fr\/#breadcrumb\"},\"inLanguage\":\"en-US\",\"potentialAction\":[{\"@type\":\"ReadAction\",\"target\":[\"https:\/\/coulierformation.fr\/\"]}]},{\"@type\":\"BreadcrumbList\",\"@id\":\"https:\/\/coulierformation.fr\/#breadcrumb\",\"itemListElement\":[{\"@type\":\"ListItem\",\"position\":1,\"name\":\"Home\",\"item\":\"https:\/\/coulierformation.fr\/\"},{\"@type\":\"ListItem\",\"position\":2,\"name\":\"Accueil\"}]},{\"@type\":\"WebSite\",\"@id\":\"https:\/\/coulierformation.fr\/#website\",\"url\":\"https:\/\/coulierformation.fr\/\",\"name\":\"Agn\u00e8s Coulier\",\"description\":\"Consultante - Formatrice - Coach\",\"potentialAction\":[{\"@type\":\"SearchAction\",\"target\":{\"@type\":\"EntryPoint\",\"urlTemplate\":\"https:\/\/coulierformation.fr\/?s={search_term_string}\"},\"query-input\":\"required name=search_term_string\"}],\"inLanguage\":\"en-US\"}]}<\/script>\n<!-- \/ Yoast SEO plugin. -->","yoast_head_json":{"title":"Accueil - Agn\u00e8s Coulier","robots":{"index":"index","follow":"follow","max-snippet":"max-snippet:-1","max-image-preview":"max-image-preview:large","max-video-preview":"max-video-preview:-1"},"canonical":"https:\/\/coulierformation.fr\/","og_locale":"en_US","og_type":"article","og_title":"Accueil - Agn\u00e8s Coulier","og_description":"Bonjour et bienvenue sur mon site, Vous y trouverez la pr\u00e9sentation de mon parcours, les diff\u00e9rentes prestations que je propose ainsi que les clients qui me font d\u00e9j\u00e0 confiance. N\u2019h\u00e9sitez pas \u00e0 me contacter via le formulaire contact pour toute demande de renseignements compl\u00e9mentaires. A tr\u00e8s vite, Agn\u00e8s Coulier","og_url":"https:\/\/coulierformation.fr\/","og_site_name":"Agn\u00e8s Coulier","article_modified_time":"2023-06-03T18:42:04+00:00","twitter_card":"summary_large_image","twitter_misc":{"Est. reading time":"1 minute"},"schema":{"@context":"https:\/\/schema.org","@graph":[{"@type":"WebPage","@id":"https:\/\/coulierformation.fr\/","url":"https:\/\/coulierformation.fr\/","name":"Accueil - Agn\u00e8s Coulier","isPartOf":{"@id":"https:\/\/coulierformation.fr\/#website"},"datePublished":"2022-01-07T17:51:38+00:00","dateModified":"2023-06-03T18:42:04+00:00","breadcrumb":{"@id":"https:\/\/coulierformation.fr\/#breadcrumb"},"inLanguage":"en-US","potentialAction":[{"@type":"ReadAction","target":["https:\/\/coulierformation.fr\/"]}]},{"@type":"BreadcrumbList","@id":"https:\/\/coulierformation.fr\/#breadcrumb","itemListElement":[{"@type":"ListItem","position":1,"name":"Home","item":"https:\/\/coulierformation.fr\/"},{"@type":"ListItem","position":2,"name":"Accueil"}]},{"@type":"WebSite","@id":"https:\/\/coulierformation.fr\/#website","url":"https:\/\/coulierformation.fr\/","name":"Agn\u00e8s Coulier","description":"Consultante - Formatrice - Coach","potentialAction":[{"@type":"SearchAction","target":{"@type":"EntryPoint","urlTemplate":"https:\/\/coulierformation.fr\/?s={search_term_string}"},"query-input":"required name=search_term_string"}],"inLanguage":"en-US"}]}},"jetpack_sharing_enabled":true,"_links":{"self":[{"href":"https:\/\/coulierformation.fr\/index.php\/wp-json\/wp\/v2\/pages\/7"}],"collection":[{"href":"https:\/\/coulierformation.fr\/index.php\/wp-json\/wp\/v2\/pages"}],"about":[{"href":"https:\/\/coulierformation.fr\/index.php\/wp-json\/wp\/v2\/types\/page"}],"author":[{"embeddable":true,"href":"https:\/\/coulierformation.fr\/index.php\/wp-json\/wp\/v2\/users\/1"}],"replies":[{"embeddable":true,"href":"https:\/\/coulierformation.fr\/index.php\/wp-json\/wp\/v2\/comments?post=7"}],"version-history":[{"count":6,"href":"https:\/\/coulierformation.fr\/index.php\/wp-json\/wp\/v2\/pages\/7\/revisions"}],"predecessor-version":[{"id":134,"href":"https:\/\/coulierformation.fr\/index.php\/wp-json\/wp\/v2\/pages\/7\/revisions\/134"}],"wp:attachment":[{"href":"https:\/\/coulierformation.fr\/index.php\/wp-json\/wp\/v2\/media?parent=7"}],"curies":[{"name":"wp","href":"https:\/\/api.w.org\/{rel}","templated":true}]}}